
{"id":821,"date":"2020-02-12T05:02:56","date_gmt":"2020-02-12T10:02:56","guid":{"rendered":"https:\/\/nunaayni.org.pe\/?page_id=821"},"modified":"2020-05-21T10:26:09","modified_gmt":"2020-05-21T15:26:09","slug":"que-hacemos","status":"publish","type":"page","link":"https:\/\/nunaayni.org.pe\/es\/conocenos\/que-hacemos\/","title":{"rendered":"Qu\u00e9 hacemos"},"content":{"rendered":"\n<h2 class=\"titulo-seccion wp-block-heading\">QU\u00c9 HACEMOS<\/h2>\n\n\n\n<p>Nuestro enfoque metodol\u00f3gico consiste en actividades experienciales que mejoran nuestra calidad de vida promoviendo un impacto social y ecol\u00f3gico positivo. Nuestros programas se realizan dentro de las cuatro \u00e1reas de nuestra misi\u00f3n:<\/p>\n\n\n\n<h3 class=\"wp-block-heading\"><strong>Bienestar y Salud Integral<\/strong><\/h3>\n\n\n\n<p>Promovemos un estilo de vida sano y equilibrado a trav\u00e9s del yoga, ceremonias tradicionales, terapias diversas, y una variedad de modalidades de sanaci\u00f3n que se han utilizado en los Andes y en el mundo durante siglos.<\/p>\n\n\n\n<h3 class=\"wp-block-heading\"><strong>Ecolog\u00eda<\/strong> <\/h3>\n\n\n\n<p> Promovemos formas de vivir conectadas al medio ambiente a trav\u00e9s de implementar dise\u00f1os ecol\u00f3gicos, incluyendo la construcci\u00f3n verde, la permacultura, la agricultura ecol\u00f3gica, las energ\u00edas limpias y renovables, el reciclaje y la separaci\u00f3n de residuos s\u00f3lidos, la reforestaci\u00f3n, la gesti\u00f3n y manejo responsable del agua, aire, fuego y tierra, y otras iniciativas que protegen la vida en todas sus formas. <\/p>\n","protected":false},"excerpt":{"rendered":"<p>QU\u00c9 HACEMOS Nuestro enfoque metodol\u00f3gico consiste en actividades experienciales que mejoran nuestra calidad de vida promoviendo un impacto social y ecol\u00f3gico positivo. Nuestros programas se realizan dentro de las cuatro \u00e1reas de nuestra misi\u00f3n: Bienestar y Salud Integral Promovemos un estilo de vida sano y equilibrado a trav\u00e9s del yoga, ceremonias tradicionales, terapias diversas, y [&hellip;]<\/p>\n","protected":false},"author":1,"featured_media":1933,"parent":61,"menu_order":0,"comment_status":"closed","ping_status":"closed","template":"template_que_hacemos.php","meta":{"footnotes":""},"class_list":["post-821","page","type-page","status-publish","has-post-thumbnail","hentry"],"yoast_head":"<!-- This site is optimized with the Yoast SEO plugin v26.8 - https:\/\/yoast.com\/product\/yoast-seo-wordpress\/ -->\n<title>Qu\u00e9 hacemos - Nuna Ayni<\/title>\n<meta name=\"robots\" content=\"index, follow, max-snippet:-1, max-image-preview:large, max-video-preview:-1\" \/>\n<link rel=\"canonical\" href=\"https:\/\/nunaayni.org.pe\/who-we-are\/what-we-do\/\" \/>\n<meta property=\"og:locale\" content=\"es_ES\" \/>\n<meta property=\"og:type\" content=\"article\" \/>\n<meta property=\"og:title\" content=\"Qu\u00e9 hacemos - Nuna Ayni\" \/>\n<meta property=\"og:description\" content=\"QU\u00c9 HACEMOS Nuestro enfoque metodol\u00f3gico consiste en actividades experienciales que mejoran nuestra calidad de vida promoviendo un impacto social y ecol\u00f3gico positivo. Nuestros programas se realizan dentro de las cuatro \u00e1reas de nuestra misi\u00f3n: Bienestar y Salud Integral Promovemos un estilo de vida sano y equilibrado a trav\u00e9s del yoga, ceremonias tradicionales, terapias diversas, y [&hellip;]\" \/>\n<meta property=\"og:url\" content=\"https:\/\/nunaayni.org.pe\/who-we-are\/what-we-do\/\" \/>\n<meta property=\"og:site_name\" content=\"Nuna Ayni\" \/>\n<meta property=\"article:modified_time\" content=\"2020-05-21T15:26:09+00:00\" \/>\n<meta property=\"og:image\" content=\"https:\/\/nunaayni.org.pe\/wp-content\/uploads\/2020\/05\/img-banner-quienes-somos.jpg\" \/>\n\t<meta property=\"og:image:width\" content=\"1499\" \/>\n\t<meta property=\"og:image:height\" content=\"296\" \/>\n\t<meta property=\"og:image:type\" content=\"image\/jpeg\" \/>\n<meta name=\"twitter:card\" content=\"summary_large_image\" \/>\n<meta name=\"twitter:label1\" content=\"Tiempo de lectura\" \/>\n\t<meta name=\"twitter:data1\" content=\"1 minuto\" \/>\n<script type=\"application\/ld+json\" class=\"yoast-schema-graph\">{\"@context\":\"https:\/\/schema.org\",\"@graph\":[{\"@type\":\"WebPage\",\"@id\":\"https:\/\/nunaayni.org.pe\/who-we-are\/what-we-do\/\",\"url\":\"https:\/\/nunaayni.org.pe\/who-we-are\/what-we-do\/\",\"name\":\"Qu\u00e9 hacemos - Nuna Ayni\",\"isPartOf\":{\"@id\":\"https:\/\/nunaayni.org.pe\/#website\"},\"primaryImageOfPage\":{\"@id\":\"https:\/\/nunaayni.org.pe\/who-we-are\/what-we-do\/#primaryimage\"},\"image\":{\"@id\":\"https:\/\/nunaayni.org.pe\/who-we-are\/what-we-do\/#primaryimage\"},\"thumbnailUrl\":\"https:\/\/nunaayni.org.pe\/wp-content\/uploads\/2020\/05\/img-banner-quienes-somos.jpg\",\"datePublished\":\"2020-02-12T10:02:56+00:00\",\"dateModified\":\"2020-05-21T15:26:09+00:00\",\"breadcrumb\":{\"@id\":\"https:\/\/nunaayni.org.pe\/who-we-are\/what-we-do\/#breadcrumb\"},\"inLanguage\":\"es\",\"potentialAction\":[{\"@type\":\"ReadAction\",\"target\":[\"https:\/\/nunaayni.org.pe\/who-we-are\/what-we-do\/\"]}]},{\"@type\":\"ImageObject\",\"inLanguage\":\"es\",\"@id\":\"https:\/\/nunaayni.org.pe\/who-we-are\/what-we-do\/#primaryimage\",\"url\":\"https:\/\/nunaayni.org.pe\/wp-content\/uploads\/2020\/05\/img-banner-quienes-somos.jpg\",\"contentUrl\":\"https:\/\/nunaayni.org.pe\/wp-content\/uploads\/2020\/05\/img-banner-quienes-somos.jpg\",\"width\":1499,\"height\":296},{\"@type\":\"BreadcrumbList\",\"@id\":\"https:\/\/nunaayni.org.pe\/who-we-are\/what-we-do\/#breadcrumb\",\"itemListElement\":[{\"@type\":\"ListItem\",\"position\":1,\"name\":\"Portada\",\"item\":\"https:\/\/nunaayni.org.pe\/es\/\"},{\"@type\":\"ListItem\",\"position\":2,\"name\":\"Qui\u00e9nes Somos\",\"item\":\"https:\/\/nunaayni.org.pe\/es\/conocenos\/\"},{\"@type\":\"ListItem\",\"position\":3,\"name\":\"Qu\u00e9 hacemos\"}]},{\"@type\":\"WebSite\",\"@id\":\"https:\/\/nunaayni.org.pe\/#website\",\"url\":\"https:\/\/nunaayni.org.pe\/\",\"name\":\"Nuna Ayni\",\"description\":\"\",\"potentialAction\":[{\"@type\":\"SearchAction\",\"target\":{\"@type\":\"EntryPoint\",\"urlTemplate\":\"https:\/\/nunaayni.org.pe\/?s={search_term_string}\"},\"query-input\":{\"@type\":\"PropertyValueSpecification\",\"valueRequired\":true,\"valueName\":\"search_term_string\"}}],\"inLanguage\":\"es\"}]}<\/script>\n<!-- \/ Yoast SEO plugin. -->","yoast_head_json":{"title":"Qu\u00e9 hacemos - Nuna Ayni","robots":{"index":"index","follow":"follow","max-snippet":"max-snippet:-1","max-image-preview":"max-image-preview:large","max-video-preview":"max-video-preview:-1"},"canonical":"https:\/\/nunaayni.org.pe\/who-we-are\/what-we-do\/","og_locale":"es_ES","og_type":"article","og_title":"Qu\u00e9 hacemos - Nuna Ayni","og_description":"QU\u00c9 HACEMOS Nuestro enfoque metodol\u00f3gico consiste en actividades experienciales que mejoran nuestra calidad de vida promoviendo un impacto social y ecol\u00f3gico positivo. Nuestros programas se realizan dentro de las cuatro \u00e1reas de nuestra misi\u00f3n: Bienestar y Salud Integral Promovemos un estilo de vida sano y equilibrado a trav\u00e9s del yoga, ceremonias tradicionales, terapias diversas, y [&hellip;]","og_url":"https:\/\/nunaayni.org.pe\/who-we-are\/what-we-do\/","og_site_name":"Nuna Ayni","article_modified_time":"2020-05-21T15:26:09+00:00","og_image":[{"width":1499,"height":296,"url":"https:\/\/nunaayni.org.pe\/wp-content\/uploads\/2020\/05\/img-banner-quienes-somos.jpg","type":"image\/jpeg"}],"twitter_card":"summary_large_image","twitter_misc":{"Tiempo de lectura":"1 minuto"},"schema":{"@context":"https:\/\/schema.org","@graph":[{"@type":"WebPage","@id":"https:\/\/nunaayni.org.pe\/who-we-are\/what-we-do\/","url":"https:\/\/nunaayni.org.pe\/who-we-are\/what-we-do\/","name":"Qu\u00e9 hacemos - Nuna Ayni","isPartOf":{"@id":"https:\/\/nunaayni.org.pe\/#website"},"primaryImageOfPage":{"@id":"https:\/\/nunaayni.org.pe\/who-we-are\/what-we-do\/#primaryimage"},"image":{"@id":"https:\/\/nunaayni.org.pe\/who-we-are\/what-we-do\/#primaryimage"},"thumbnailUrl":"https:\/\/nunaayni.org.pe\/wp-content\/uploads\/2020\/05\/img-banner-quienes-somos.jpg","datePublished":"2020-02-12T10:02:56+00:00","dateModified":"2020-05-21T15:26:09+00:00","breadcrumb":{"@id":"https:\/\/nunaayni.org.pe\/who-we-are\/what-we-do\/#breadcrumb"},"inLanguage":"es","potentialAction":[{"@type":"ReadAction","target":["https:\/\/nunaayni.org.pe\/who-we-are\/what-we-do\/"]}]},{"@type":"ImageObject","inLanguage":"es","@id":"https:\/\/nunaayni.org.pe\/who-we-are\/what-we-do\/#primaryimage","url":"https:\/\/nunaayni.org.pe\/wp-content\/uploads\/2020\/05\/img-banner-quienes-somos.jpg","contentUrl":"https:\/\/nunaayni.org.pe\/wp-content\/uploads\/2020\/05\/img-banner-quienes-somos.jpg","width":1499,"height":296},{"@type":"BreadcrumbList","@id":"https:\/\/nunaayni.org.pe\/who-we-are\/what-we-do\/#breadcrumb","itemListElement":[{"@type":"ListItem","position":1,"name":"Portada","item":"https:\/\/nunaayni.org.pe\/es\/"},{"@type":"ListItem","position":2,"name":"Qui\u00e9nes Somos","item":"https:\/\/nunaayni.org.pe\/es\/conocenos\/"},{"@type":"ListItem","position":3,"name":"Qu\u00e9 hacemos"}]},{"@type":"WebSite","@id":"https:\/\/nunaayni.org.pe\/#website","url":"https:\/\/nunaayni.org.pe\/","name":"Nuna Ayni","description":"","potentialAction":[{"@type":"SearchAction","target":{"@type":"EntryPoint","urlTemplate":"https:\/\/nunaayni.org.pe\/?s={search_term_string}"},"query-input":{"@type":"PropertyValueSpecification","valueRequired":true,"valueName":"search_term_string"}}],"inLanguage":"es"}]}},"_links":{"self":[{"href":"https:\/\/nunaayni.org.pe\/es\/wp-json\/wp\/v2\/pages\/821","targetHints":{"allow":["GET"]}}],"collection":[{"href":"https:\/\/nunaayni.org.pe\/es\/wp-json\/wp\/v2\/pages"}],"about":[{"href":"https:\/\/nunaayni.org.pe\/es\/wp-json\/wp\/v2\/types\/page"}],"author":[{"embeddable":true,"href":"https:\/\/nunaayni.org.pe\/es\/wp-json\/wp\/v2\/users\/1"}],"replies":[{"embeddable":true,"href":"https:\/\/nunaayni.org.pe\/es\/wp-json\/wp\/v2\/comments?post=821"}],"version-history":[{"count":30,"href":"https:\/\/nunaayni.org.pe\/es\/wp-json\/wp\/v2\/pages\/821\/revisions"}],"predecessor-version":[{"id":1958,"href":"https:\/\/nunaayni.org.pe\/es\/wp-json\/wp\/v2\/pages\/821\/revisions\/1958"}],"up":[{"embeddable":true,"href":"https:\/\/nunaayni.org.pe\/es\/wp-json\/wp\/v2\/pages\/61"}],"wp:featuredmedia":[{"embeddable":true,"href":"https:\/\/nunaayni.org.pe\/es\/wp-json\/wp\/v2\/media\/1933"}],"wp:attachment":[{"href":"https:\/\/nunaayni.org.pe\/es\/wp-json\/wp\/v2\/media?parent=821"}],"curies":[{"name":"wp","href":"https:\/\/api.w.org\/{rel}","templated":true}]}}