
{"id":81,"date":"2019-10-30T17:51:31","date_gmt":"2019-10-30T22:51:31","guid":{"rendered":"http:\/\/nunaayni.org.pe\/?page_id=81"},"modified":"2020-04-27T17:38:49","modified_gmt":"2020-04-27T22:38:49","slug":"tierra-nuna-ayni","status":"publish","type":"page","link":"https:\/\/nunaayni.org.pe\/es\/tierra-nuna-ayni\/","title":{"rendered":"Tierra Nuna Ayni"},"content":{"rendered":"\n<div class=\"wp-block-columns is-layout-flex wp-container-core-columns-is-layout-9d6595d7 wp-block-columns-is-layout-flex\">\n<div class=\"wp-block-column is-layout-flow wp-block-column-is-layout-flow\">\n<figure class=\"wp-block-image size-large\"><a data-fancybox=\"gallery\" href=\"https:\/\/nunaayni.org.pe\/wp-content\/uploads\/2020\/04\/foto01.jpg\"><img loading=\"lazy\" decoding=\"async\" width=\"307\" height=\"195\" src=\"https:\/\/nunaayni.org.pe\/wp-content\/uploads\/2020\/03\/tierra_nuna_01.jpg\" alt=\"\" class=\"wp-image-1423\" srcset=\"https:\/\/nunaayni.org.pe\/wp-content\/uploads\/2020\/03\/tierra_nuna_01.jpg 307w, https:\/\/nunaayni.org.pe\/wp-content\/uploads\/2020\/03\/tierra_nuna_01-300x191.jpg 300w\" sizes=\"auto, (max-width: 307px) 100vw, 307px\" \/><\/a><\/figure>\n\n\n\n<p>Esta tierra es ideal para nuestro proyecto en todos los sentidos. Est\u00e1 suficientemente cerca de Pisac y Cusco lo cual hace posible que una variedad de servicios est\u00e9n al alcance de nuestros visitantes y residentes. A su vez est\u00e1 lo suficientemente alejado como para tener una experiencia tranquila en conexi\u00f3n con uno mismo y la naturaleza.<\/p>\n<\/div>\n\n\n\n<div class=\"wp-block-column is-layout-flow wp-block-column-is-layout-flow\">\n<figure class=\"wp-block-image size-large\"><a data-fancybox=\"gallery\" href=\"https:\/\/nunaayni.org.pe\/wp-content\/uploads\/2020\/04\/foto02.jpg\"><img loading=\"lazy\" decoding=\"async\" width=\"307\" height=\"195\" src=\"https:\/\/nunaayni.org.pe\/wp-content\/uploads\/2020\/03\/tierra_nuna_02.jpg\" alt=\"\" class=\"wp-image-1195\" srcset=\"https:\/\/nunaayni.org.pe\/wp-content\/uploads\/2020\/03\/tierra_nuna_02.jpg 307w, https:\/\/nunaayni.org.pe\/wp-content\/uploads\/2020\/03\/tierra_nuna_02-300x191.jpg 300w\" sizes=\"auto, (max-width: 307px) 100vw, 307px\" \/><\/a><\/figure>\n\n\n\n<p>Tambi\u00e9n cuenta con el espacio adecuado para la infraestructura que estamos construyendo poco a poco. Est\u00e1 cerca de un manante de agua, tiene diversidad de \u00e1rboles, hierbas, plantas y animales, de los cu\u00e1les muchos son raros de encontrar en el \u00e1rea y una calidad de tierra bastante buena para la siembra. Cuenta con Andener\u00eda Inca y cerca existen una serie de construcciones de la misma \u00e9poca lo que hace este espacio una verdadera herencia que nos sentimos responsables de cuidar. Tambi\u00e9n hemos tenido la visita del venado lo que es una clara se\u00f1al de la pureza de esta tierra, ya que el venado es el primer animal en retirarse cuando existe contaminaci\u00f3n en el lugar.<\/p>\n<\/div>\n\n\n\n<div class=\"wp-block-column is-layout-flow wp-block-column-is-layout-flow\">\n<figure class=\"wp-block-image size-large\"><a data-fancybox=\"gallery\" href=\"https:\/\/nunaayni.org.pe\/wp-content\/uploads\/2020\/04\/foto03.jpg\"><img loading=\"lazy\" decoding=\"async\" width=\"305\" height=\"195\" src=\"https:\/\/nunaayni.org.pe\/wp-content\/uploads\/2020\/03\/tierra_nuna_03.jpg\" alt=\"\" class=\"wp-image-1196\" srcset=\"https:\/\/nunaayni.org.pe\/wp-content\/uploads\/2020\/03\/tierra_nuna_03.jpg 305w, https:\/\/nunaayni.org.pe\/wp-content\/uploads\/2020\/03\/tierra_nuna_03-300x192.jpg 300w\" sizes=\"auto, (max-width: 305px) 100vw, 305px\" \/><\/a><\/figure>\n\n\n\n<p>El dise\u00f1o del centro tiene como eje ordenador a la Chacana (cruz Andina), que es un s\u00edmbolo sagrado de nuestros ancestros. Contamos una \u00e1rea de fuego, una de agua, una de tierra y una de aire y todo el plan arquitect\u00f3nico est\u00e1 basado en principios de permacultura. El centro cuenta con \u00e1reas para talleres, terapias de sanaci\u00f3n, ceremonias y otras actividades; un \u00e1rea de hospedaje que tendr\u00e1 como capacidad m\u00e1xima 20 personas, as\u00ed como tambi\u00e9n \u00e1reas espec\u00edficas para trabajar con los elementos (fuego, aire, agua y tierra).<\/p>\n<\/div>\n<\/div>\n","protected":false},"excerpt":{"rendered":"<p>Esta tierra es ideal para nuestro proyecto en todos los sentidos. Est\u00e1 suficientemente cerca de Pisac y Cusco lo cual hace posible que una variedad de servicios est\u00e9n al alcance de nuestros visitantes y residentes. A su vez est\u00e1 lo suficientemente alejado como para tener una experiencia tranquila en conexi\u00f3n con uno mismo y la [&hellip;]<\/p>\n","protected":false},"author":1,"featured_media":1686,"parent":0,"menu_order":0,"comment_status":"closed","ping_status":"closed","template":"template_tierra_nuna_ayni.php","meta":{"footnotes":""},"class_list":["post-81","page","type-page","status-publish","has-post-thumbnail","hentry"],"yoast_head":"<!-- This site is optimized with the Yoast SEO plugin v26.8 - https:\/\/yoast.com\/product\/yoast-seo-wordpress\/ -->\n<title>Tierra Nuna Ayni - Nuna Ayni<\/title>\n<meta name=\"robots\" content=\"index, follow, max-snippet:-1, max-image-preview:large, max-video-preview:-1\" \/>\n<link rel=\"canonical\" href=\"https:\/\/nunaayni.org.pe\/tierra-nuna-ayni\/\" \/>\n<meta property=\"og:locale\" content=\"es_ES\" \/>\n<meta property=\"og:type\" content=\"article\" \/>\n<meta property=\"og:title\" content=\"Tierra Nuna Ayni - Nuna Ayni\" \/>\n<meta property=\"og:description\" content=\"Esta tierra es ideal para nuestro proyecto en todos los sentidos. Est\u00e1 suficientemente cerca de Pisac y Cusco lo cual hace posible que una variedad de servicios est\u00e9n al alcance de nuestros visitantes y residentes. A su vez est\u00e1 lo suficientemente alejado como para tener una experiencia tranquila en conexi\u00f3n con uno mismo y la [&hellip;]\" \/>\n<meta property=\"og:url\" content=\"https:\/\/nunaayni.org.pe\/tierra-nuna-ayni\/\" \/>\n<meta property=\"og:site_name\" content=\"Nuna Ayni\" \/>\n<meta property=\"article:modified_time\" content=\"2020-04-27T22:38:49+00:00\" \/>\n<meta property=\"og:image\" content=\"https:\/\/nunaayni.org.pe\/wp-content\/uploads\/2020\/04\/banner_tierra_nuna-ayni.jpg\" \/>\n\t<meta property=\"og:image:width\" content=\"1499\" \/>\n\t<meta property=\"og:image:height\" content=\"296\" \/>\n\t<meta property=\"og:image:type\" content=\"image\/jpeg\" \/>\n<meta name=\"twitter:card\" content=\"summary_large_image\" \/>\n<meta name=\"twitter:label1\" content=\"Tiempo de lectura\" \/>\n\t<meta name=\"twitter:data1\" content=\"1 minuto\" \/>\n<script type=\"application\/ld+json\" class=\"yoast-schema-graph\">{\"@context\":\"https:\/\/schema.org\",\"@graph\":[{\"@type\":\"WebPage\",\"@id\":\"https:\/\/nunaayni.org.pe\/tierra-nuna-ayni\/\",\"url\":\"https:\/\/nunaayni.org.pe\/tierra-nuna-ayni\/\",\"name\":\"Tierra Nuna Ayni - Nuna Ayni\",\"isPartOf\":{\"@id\":\"https:\/\/nunaayni.org.pe\/#website\"},\"primaryImageOfPage\":{\"@id\":\"https:\/\/nunaayni.org.pe\/tierra-nuna-ayni\/#primaryimage\"},\"image\":{\"@id\":\"https:\/\/nunaayni.org.pe\/tierra-nuna-ayni\/#primaryimage\"},\"thumbnailUrl\":\"https:\/\/nunaayni.org.pe\/wp-content\/uploads\/2020\/04\/banner_tierra_nuna-ayni.jpg\",\"datePublished\":\"2019-10-30T22:51:31+00:00\",\"dateModified\":\"2020-04-27T22:38:49+00:00\",\"breadcrumb\":{\"@id\":\"https:\/\/nunaayni.org.pe\/tierra-nuna-ayni\/#breadcrumb\"},\"inLanguage\":\"es\",\"potentialAction\":[{\"@type\":\"ReadAction\",\"target\":[\"https:\/\/nunaayni.org.pe\/tierra-nuna-ayni\/\"]}]},{\"@type\":\"ImageObject\",\"inLanguage\":\"es\",\"@id\":\"https:\/\/nunaayni.org.pe\/tierra-nuna-ayni\/#primaryimage\",\"url\":\"https:\/\/nunaayni.org.pe\/wp-content\/uploads\/2020\/04\/banner_tierra_nuna-ayni.jpg\",\"contentUrl\":\"https:\/\/nunaayni.org.pe\/wp-content\/uploads\/2020\/04\/banner_tierra_nuna-ayni.jpg\",\"width\":1499,\"height\":296},{\"@type\":\"BreadcrumbList\",\"@id\":\"https:\/\/nunaayni.org.pe\/tierra-nuna-ayni\/#breadcrumb\",\"itemListElement\":[{\"@type\":\"ListItem\",\"position\":1,\"name\":\"Portada\",\"item\":\"https:\/\/nunaayni.org.pe\/es\/\"},{\"@type\":\"ListItem\",\"position\":2,\"name\":\"Tierra Nuna Ayni\"}]},{\"@type\":\"WebSite\",\"@id\":\"https:\/\/nunaayni.org.pe\/#website\",\"url\":\"https:\/\/nunaayni.org.pe\/\",\"name\":\"Nuna Ayni\",\"description\":\"\",\"potentialAction\":[{\"@type\":\"SearchAction\",\"target\":{\"@type\":\"EntryPoint\",\"urlTemplate\":\"https:\/\/nunaayni.org.pe\/?s={search_term_string}\"},\"query-input\":{\"@type\":\"PropertyValueSpecification\",\"valueRequired\":true,\"valueName\":\"search_term_string\"}}],\"inLanguage\":\"es\"}]}<\/script>\n<!-- \/ Yoast SEO plugin. -->","yoast_head_json":{"title":"Tierra Nuna Ayni - Nuna Ayni","robots":{"index":"index","follow":"follow","max-snippet":"max-snippet:-1","max-image-preview":"max-image-preview:large","max-video-preview":"max-video-preview:-1"},"canonical":"https:\/\/nunaayni.org.pe\/tierra-nuna-ayni\/","og_locale":"es_ES","og_type":"article","og_title":"Tierra Nuna Ayni - Nuna Ayni","og_description":"Esta tierra es ideal para nuestro proyecto en todos los sentidos. Est\u00e1 suficientemente cerca de Pisac y Cusco lo cual hace posible que una variedad de servicios est\u00e9n al alcance de nuestros visitantes y residentes. A su vez est\u00e1 lo suficientemente alejado como para tener una experiencia tranquila en conexi\u00f3n con uno mismo y la [&hellip;]","og_url":"https:\/\/nunaayni.org.pe\/tierra-nuna-ayni\/","og_site_name":"Nuna Ayni","article_modified_time":"2020-04-27T22:38:49+00:00","og_image":[{"width":1499,"height":296,"url":"https:\/\/nunaayni.org.pe\/wp-content\/uploads\/2020\/04\/banner_tierra_nuna-ayni.jpg","type":"image\/jpeg"}],"twitter_card":"summary_large_image","twitter_misc":{"Tiempo de lectura":"1 minuto"},"schema":{"@context":"https:\/\/schema.org","@graph":[{"@type":"WebPage","@id":"https:\/\/nunaayni.org.pe\/tierra-nuna-ayni\/","url":"https:\/\/nunaayni.org.pe\/tierra-nuna-ayni\/","name":"Tierra Nuna Ayni - Nuna Ayni","isPartOf":{"@id":"https:\/\/nunaayni.org.pe\/#website"},"primaryImageOfPage":{"@id":"https:\/\/nunaayni.org.pe\/tierra-nuna-ayni\/#primaryimage"},"image":{"@id":"https:\/\/nunaayni.org.pe\/tierra-nuna-ayni\/#primaryimage"},"thumbnailUrl":"https:\/\/nunaayni.org.pe\/wp-content\/uploads\/2020\/04\/banner_tierra_nuna-ayni.jpg","datePublished":"2019-10-30T22:51:31+00:00","dateModified":"2020-04-27T22:38:49+00:00","breadcrumb":{"@id":"https:\/\/nunaayni.org.pe\/tierra-nuna-ayni\/#breadcrumb"},"inLanguage":"es","potentialAction":[{"@type":"ReadAction","target":["https:\/\/nunaayni.org.pe\/tierra-nuna-ayni\/"]}]},{"@type":"ImageObject","inLanguage":"es","@id":"https:\/\/nunaayni.org.pe\/tierra-nuna-ayni\/#primaryimage","url":"https:\/\/nunaayni.org.pe\/wp-content\/uploads\/2020\/04\/banner_tierra_nuna-ayni.jpg","contentUrl":"https:\/\/nunaayni.org.pe\/wp-content\/uploads\/2020\/04\/banner_tierra_nuna-ayni.jpg","width":1499,"height":296},{"@type":"BreadcrumbList","@id":"https:\/\/nunaayni.org.pe\/tierra-nuna-ayni\/#breadcrumb","itemListElement":[{"@type":"ListItem","position":1,"name":"Portada","item":"https:\/\/nunaayni.org.pe\/es\/"},{"@type":"ListItem","position":2,"name":"Tierra Nuna Ayni"}]},{"@type":"WebSite","@id":"https:\/\/nunaayni.org.pe\/#website","url":"https:\/\/nunaayni.org.pe\/","name":"Nuna Ayni","description":"","potentialAction":[{"@type":"SearchAction","target":{"@type":"EntryPoint","urlTemplate":"https:\/\/nunaayni.org.pe\/?s={search_term_string}"},"query-input":{"@type":"PropertyValueSpecification","valueRequired":true,"valueName":"search_term_string"}}],"inLanguage":"es"}]}},"_links":{"self":[{"href":"https:\/\/nunaayni.org.pe\/es\/wp-json\/wp\/v2\/pages\/81","targetHints":{"allow":["GET"]}}],"collection":[{"href":"https:\/\/nunaayni.org.pe\/es\/wp-json\/wp\/v2\/pages"}],"about":[{"href":"https:\/\/nunaayni.org.pe\/es\/wp-json\/wp\/v2\/types\/page"}],"author":[{"embeddable":true,"href":"https:\/\/nunaayni.org.pe\/es\/wp-json\/wp\/v2\/users\/1"}],"replies":[{"embeddable":true,"href":"https:\/\/nunaayni.org.pe\/es\/wp-json\/wp\/v2\/comments?post=81"}],"version-history":[{"count":99,"href":"https:\/\/nunaayni.org.pe\/es\/wp-json\/wp\/v2\/pages\/81\/revisions"}],"predecessor-version":[{"id":1860,"href":"https:\/\/nunaayni.org.pe\/es\/wp-json\/wp\/v2\/pages\/81\/revisions\/1860"}],"wp:featuredmedia":[{"embeddable":true,"href":"https:\/\/nunaayni.org.pe\/es\/wp-json\/wp\/v2\/media\/1686"}],"wp:attachment":[{"href":"https:\/\/nunaayni.org.pe\/es\/wp-json\/wp\/v2\/media?parent=81"}],"curies":[{"name":"wp","href":"https:\/\/api.w.org\/{rel}","templated":true}]}}