
{"id":808,"date":"2020-02-12T04:45:01","date_gmt":"2020-02-12T09:45:01","guid":{"rendered":"https:\/\/nunaayni.org.pe\/?page_id=808"},"modified":"2020-05-21T10:11:28","modified_gmt":"2020-05-21T15:11:28","slug":"donde-estamos","status":"publish","type":"page","link":"https:\/\/nunaayni.org.pe\/es\/conocenos\/donde-estamos\/","title":{"rendered":"D\u00f3nde estamos"},"content":{"rendered":"\n<h2 class=\"titulo-seccion wp-block-heading\">D\u00d3NDE ESTAMOS<\/h2>\n\n\n\n<p>La organizaci\u00f3n Nuna Ayni se encuentra actualmente en Pillahuara, una comunidad que pertenece a San Salvador a 1 hora de Cusco y 10 minutos de Pisac, en la cordillera de los Andes en el Valle Sagrado del Per\u00fa. Cusco se puede traducir como \u201cel ombligo del mundo\u201d, y es considerado por los pueblos andinos como la capital espiritual del Per\u00fa.<\/p>\n\n\n\n<p>Seg\u00fan la tradici\u00f3n local, el Valle Sagrado de Per\u00fa es un portal energ\u00e9tico de gran alcance. El linaje ancestral de esta zona viene desde la cultura Tiawanako, que se origino en la regi\u00f3n del Lago Titicaca. El Lago Titicaca, es el lago m\u00e1s alto del mundo y es considerado por los peruanos como el origen espiritual de la cultura Inca.<\/p>\n","protected":false},"excerpt":{"rendered":"<p>D\u00d3NDE ESTAMOS La organizaci\u00f3n Nuna Ayni se encuentra actualmente en Pillahuara, una comunidad que pertenece a San Salvador a 1 hora de Cusco y 10 minutos de Pisac, en la cordillera de los Andes en el Valle Sagrado del Per\u00fa. Cusco se puede traducir como \u201cel ombligo del mundo\u201d, y es considerado por los pueblos [&hellip;]<\/p>\n","protected":false},"author":1,"featured_media":1935,"parent":61,"menu_order":0,"comment_status":"closed","ping_status":"closed","template":"template_donde_estamos.php","meta":{"footnotes":""},"class_list":["post-808","page","type-page","status-publish","has-post-thumbnail","hentry"],"yoast_head":"<!-- This site is optimized with the Yoast SEO plugin v26.8 - https:\/\/yoast.com\/product\/yoast-seo-wordpress\/ -->\n<title>D\u00f3nde estamos - Nuna Ayni<\/title>\n<meta name=\"robots\" content=\"index, follow, max-snippet:-1, max-image-preview:large, max-video-preview:-1\" \/>\n<link rel=\"canonical\" href=\"https:\/\/nunaayni.org.pe\/who-we-are\/where-we-are\/\" \/>\n<meta property=\"og:locale\" content=\"es_ES\" \/>\n<meta property=\"og:type\" content=\"article\" \/>\n<meta property=\"og:title\" content=\"D\u00f3nde estamos - Nuna Ayni\" \/>\n<meta property=\"og:description\" content=\"D\u00d3NDE ESTAMOS La organizaci\u00f3n Nuna Ayni se encuentra actualmente en Pillahuara, una comunidad que pertenece a San Salvador a 1 hora de Cusco y 10 minutos de Pisac, en la cordillera de los Andes en el Valle Sagrado del Per\u00fa. Cusco se puede traducir como \u201cel ombligo del mundo\u201d, y es considerado por los pueblos [&hellip;]\" \/>\n<meta property=\"og:url\" content=\"https:\/\/nunaayni.org.pe\/who-we-are\/where-we-are\/\" \/>\n<meta property=\"og:site_name\" content=\"Nuna Ayni\" \/>\n<meta property=\"article:modified_time\" content=\"2020-05-21T15:11:28+00:00\" \/>\n<meta property=\"og:image\" content=\"https:\/\/nunaayni.org.pe\/wp-content\/uploads\/2020\/05\/banner_donde_estamos.jpg\" \/>\n\t<meta property=\"og:image:width\" content=\"1499\" \/>\n\t<meta property=\"og:image:height\" content=\"296\" \/>\n\t<meta property=\"og:image:type\" content=\"image\/jpeg\" \/>\n<meta name=\"twitter:card\" content=\"summary_large_image\" \/>\n<meta name=\"twitter:label1\" content=\"Tiempo de lectura\" \/>\n\t<meta name=\"twitter:data1\" content=\"1 minuto\" \/>\n<script type=\"application\/ld+json\" class=\"yoast-schema-graph\">{\"@context\":\"https:\/\/schema.org\",\"@graph\":[{\"@type\":\"WebPage\",\"@id\":\"https:\/\/nunaayni.org.pe\/who-we-are\/where-we-are\/\",\"url\":\"https:\/\/nunaayni.org.pe\/who-we-are\/where-we-are\/\",\"name\":\"D\u00f3nde estamos - Nuna Ayni\",\"isPartOf\":{\"@id\":\"https:\/\/nunaayni.org.pe\/#website\"},\"primaryImageOfPage\":{\"@id\":\"https:\/\/nunaayni.org.pe\/who-we-are\/where-we-are\/#primaryimage\"},\"image\":{\"@id\":\"https:\/\/nunaayni.org.pe\/who-we-are\/where-we-are\/#primaryimage\"},\"thumbnailUrl\":\"https:\/\/nunaayni.org.pe\/wp-content\/uploads\/2020\/05\/banner_donde_estamos.jpg\",\"datePublished\":\"2020-02-12T09:45:01+00:00\",\"dateModified\":\"2020-05-21T15:11:28+00:00\",\"breadcrumb\":{\"@id\":\"https:\/\/nunaayni.org.pe\/who-we-are\/where-we-are\/#breadcrumb\"},\"inLanguage\":\"es\",\"potentialAction\":[{\"@type\":\"ReadAction\",\"target\":[\"https:\/\/nunaayni.org.pe\/who-we-are\/where-we-are\/\"]}]},{\"@type\":\"ImageObject\",\"inLanguage\":\"es\",\"@id\":\"https:\/\/nunaayni.org.pe\/who-we-are\/where-we-are\/#primaryimage\",\"url\":\"https:\/\/nunaayni.org.pe\/wp-content\/uploads\/2020\/05\/banner_donde_estamos.jpg\",\"contentUrl\":\"https:\/\/nunaayni.org.pe\/wp-content\/uploads\/2020\/05\/banner_donde_estamos.jpg\",\"width\":1499,\"height\":296},{\"@type\":\"BreadcrumbList\",\"@id\":\"https:\/\/nunaayni.org.pe\/who-we-are\/where-we-are\/#breadcrumb\",\"itemListElement\":[{\"@type\":\"ListItem\",\"position\":1,\"name\":\"Portada\",\"item\":\"https:\/\/nunaayni.org.pe\/es\/\"},{\"@type\":\"ListItem\",\"position\":2,\"name\":\"Qui\u00e9nes Somos\",\"item\":\"https:\/\/nunaayni.org.pe\/es\/conocenos\/\"},{\"@type\":\"ListItem\",\"position\":3,\"name\":\"D\u00f3nde estamos\"}]},{\"@type\":\"WebSite\",\"@id\":\"https:\/\/nunaayni.org.pe\/#website\",\"url\":\"https:\/\/nunaayni.org.pe\/\",\"name\":\"Nuna Ayni\",\"description\":\"\",\"potentialAction\":[{\"@type\":\"SearchAction\",\"target\":{\"@type\":\"EntryPoint\",\"urlTemplate\":\"https:\/\/nunaayni.org.pe\/?s={search_term_string}\"},\"query-input\":{\"@type\":\"PropertyValueSpecification\",\"valueRequired\":true,\"valueName\":\"search_term_string\"}}],\"inLanguage\":\"es\"}]}<\/script>\n<!-- \/ Yoast SEO plugin. -->","yoast_head_json":{"title":"D\u00f3nde estamos - Nuna Ayni","robots":{"index":"index","follow":"follow","max-snippet":"max-snippet:-1","max-image-preview":"max-image-preview:large","max-video-preview":"max-video-preview:-1"},"canonical":"https:\/\/nunaayni.org.pe\/who-we-are\/where-we-are\/","og_locale":"es_ES","og_type":"article","og_title":"D\u00f3nde estamos - Nuna Ayni","og_description":"D\u00d3NDE ESTAMOS La organizaci\u00f3n Nuna Ayni se encuentra actualmente en Pillahuara, una comunidad que pertenece a San Salvador a 1 hora de Cusco y 10 minutos de Pisac, en la cordillera de los Andes en el Valle Sagrado del Per\u00fa. Cusco se puede traducir como \u201cel ombligo del mundo\u201d, y es considerado por los pueblos [&hellip;]","og_url":"https:\/\/nunaayni.org.pe\/who-we-are\/where-we-are\/","og_site_name":"Nuna Ayni","article_modified_time":"2020-05-21T15:11:28+00:00","og_image":[{"width":1499,"height":296,"url":"https:\/\/nunaayni.org.pe\/wp-content\/uploads\/2020\/05\/banner_donde_estamos.jpg","type":"image\/jpeg"}],"twitter_card":"summary_large_image","twitter_misc":{"Tiempo de lectura":"1 minuto"},"schema":{"@context":"https:\/\/schema.org","@graph":[{"@type":"WebPage","@id":"https:\/\/nunaayni.org.pe\/who-we-are\/where-we-are\/","url":"https:\/\/nunaayni.org.pe\/who-we-are\/where-we-are\/","name":"D\u00f3nde estamos - Nuna Ayni","isPartOf":{"@id":"https:\/\/nunaayni.org.pe\/#website"},"primaryImageOfPage":{"@id":"https:\/\/nunaayni.org.pe\/who-we-are\/where-we-are\/#primaryimage"},"image":{"@id":"https:\/\/nunaayni.org.pe\/who-we-are\/where-we-are\/#primaryimage"},"thumbnailUrl":"https:\/\/nunaayni.org.pe\/wp-content\/uploads\/2020\/05\/banner_donde_estamos.jpg","datePublished":"2020-02-12T09:45:01+00:00","dateModified":"2020-05-21T15:11:28+00:00","breadcrumb":{"@id":"https:\/\/nunaayni.org.pe\/who-we-are\/where-we-are\/#breadcrumb"},"inLanguage":"es","potentialAction":[{"@type":"ReadAction","target":["https:\/\/nunaayni.org.pe\/who-we-are\/where-we-are\/"]}]},{"@type":"ImageObject","inLanguage":"es","@id":"https:\/\/nunaayni.org.pe\/who-we-are\/where-we-are\/#primaryimage","url":"https:\/\/nunaayni.org.pe\/wp-content\/uploads\/2020\/05\/banner_donde_estamos.jpg","contentUrl":"https:\/\/nunaayni.org.pe\/wp-content\/uploads\/2020\/05\/banner_donde_estamos.jpg","width":1499,"height":296},{"@type":"BreadcrumbList","@id":"https:\/\/nunaayni.org.pe\/who-we-are\/where-we-are\/#breadcrumb","itemListElement":[{"@type":"ListItem","position":1,"name":"Portada","item":"https:\/\/nunaayni.org.pe\/es\/"},{"@type":"ListItem","position":2,"name":"Qui\u00e9nes Somos","item":"https:\/\/nunaayni.org.pe\/es\/conocenos\/"},{"@type":"ListItem","position":3,"name":"D\u00f3nde estamos"}]},{"@type":"WebSite","@id":"https:\/\/nunaayni.org.pe\/#website","url":"https:\/\/nunaayni.org.pe\/","name":"Nuna Ayni","description":"","potentialAction":[{"@type":"SearchAction","target":{"@type":"EntryPoint","urlTemplate":"https:\/\/nunaayni.org.pe\/?s={search_term_string}"},"query-input":{"@type":"PropertyValueSpecification","valueRequired":true,"valueName":"search_term_string"}}],"inLanguage":"es"}]}},"_links":{"self":[{"href":"https:\/\/nunaayni.org.pe\/es\/wp-json\/wp\/v2\/pages\/808","targetHints":{"allow":["GET"]}}],"collection":[{"href":"https:\/\/nunaayni.org.pe\/es\/wp-json\/wp\/v2\/pages"}],"about":[{"href":"https:\/\/nunaayni.org.pe\/es\/wp-json\/wp\/v2\/types\/page"}],"author":[{"embeddable":true,"href":"https:\/\/nunaayni.org.pe\/es\/wp-json\/wp\/v2\/users\/1"}],"replies":[{"embeddable":true,"href":"https:\/\/nunaayni.org.pe\/es\/wp-json\/wp\/v2\/comments?post=808"}],"version-history":[{"count":22,"href":"https:\/\/nunaayni.org.pe\/es\/wp-json\/wp\/v2\/pages\/808\/revisions"}],"predecessor-version":[{"id":1945,"href":"https:\/\/nunaayni.org.pe\/es\/wp-json\/wp\/v2\/pages\/808\/revisions\/1945"}],"up":[{"embeddable":true,"href":"https:\/\/nunaayni.org.pe\/es\/wp-json\/wp\/v2\/pages\/61"}],"wp:featuredmedia":[{"embeddable":true,"href":"https:\/\/nunaayni.org.pe\/es\/wp-json\/wp\/v2\/media\/1935"}],"wp:attachment":[{"href":"https:\/\/nunaayni.org.pe\/es\/wp-json\/wp\/v2\/media?parent=808"}],"curies":[{"name":"wp","href":"https:\/\/api.w.org\/{rel}","templated":true}]}}