
{"id":61,"date":"2019-10-30T15:49:17","date_gmt":"2019-10-30T20:49:17","guid":{"rendered":"http:\/\/nunaayni.org.pe\/?page_id=61"},"modified":"2020-05-20T22:56:32","modified_gmt":"2020-05-21T03:56:32","slug":"conocenos","status":"publish","type":"page","link":"https:\/\/nunaayni.org.pe\/es\/conocenos\/","title":{"rendered":"Qui\u00e9nes Somos"},"content":{"rendered":"\n<h2 class=\"titulo-pagina wp-block-heading\">QUI\u00c9NES SOMOS<\/h2>\n\n\n\n<p><strong>Nuna Ayni <\/strong>proviene de la lengua Quechua de los Andes: <strong>\u2018Nuna\u2019 significa alma, esp\u00edritu o consciencia y \u2018Ayni\u2019 significa reciprocidad sagrada.<\/strong> Nuestra organizaci\u00f3n naci\u00f3 en el a\u00f1o 2006 como una inspiraci\u00f3n para generar un cambio planetario. Creemos que es posible vivir en armon\u00eda con nosotros mismos y con todo lo que nos rodea. Nuestra funci\u00f3n es servir como puente entre lo ancestral y lo actual, entre los abuelos y los j\u00f3venes, entre lo espiritual y lo material.<\/p>\n\n\n\n<p>Realizando nuestra misi\u00f3n nos esforzamos en lograr nuestra visi\u00f3n m\u00e1s amplia: <strong>revitalizar la sabidur\u00eda ancestral a trav\u00e9s de compartirla con el objetivo de empoderar a las personas para crear un mundo nuevo social y ambientalmente consciente.<\/strong><\/p>\n","protected":false},"excerpt":{"rendered":"<p>QUI\u00c9NES SOMOS Nuna Ayni proviene de la lengua Quechua de los Andes: \u2018Nuna\u2019 significa alma, esp\u00edritu o consciencia y \u2018Ayni\u2019 significa reciprocidad sagrada. Nuestra organizaci\u00f3n naci\u00f3 en el a\u00f1o 2006 como una inspiraci\u00f3n para generar un cambio planetario. Creemos que es posible vivir en armon\u00eda con nosotros mismos y con todo lo que nos rodea. [&hellip;]<\/p>\n","protected":false},"author":1,"featured_media":1933,"parent":0,"menu_order":0,"comment_status":"closed","ping_status":"closed","template":"template_conocenos.php","meta":{"footnotes":""},"class_list":["post-61","page","type-page","status-publish","has-post-thumbnail","hentry"],"yoast_head":"<!-- This site is optimized with the Yoast SEO plugin v26.8 - https:\/\/yoast.com\/product\/yoast-seo-wordpress\/ -->\n<title>Qui\u00e9nes Somos - Nuna Ayni<\/title>\n<meta name=\"robots\" content=\"index, follow, max-snippet:-1, max-image-preview:large, max-video-preview:-1\" \/>\n<link rel=\"canonical\" href=\"https:\/\/nunaayni.org.pe\/es\/conocenos\/\" \/>\n<meta property=\"og:locale\" content=\"es_ES\" \/>\n<meta property=\"og:type\" content=\"article\" \/>\n<meta property=\"og:title\" content=\"Qui\u00e9nes Somos - Nuna Ayni\" \/>\n<meta property=\"og:description\" content=\"QUI\u00c9NES SOMOS Nuna Ayni proviene de la lengua Quechua de los Andes: \u2018Nuna\u2019 significa alma, esp\u00edritu o consciencia y \u2018Ayni\u2019 significa reciprocidad sagrada. Nuestra organizaci\u00f3n naci\u00f3 en el a\u00f1o 2006 como una inspiraci\u00f3n para generar un cambio planetario. Creemos que es posible vivir en armon\u00eda con nosotros mismos y con todo lo que nos rodea. [&hellip;]\" \/>\n<meta property=\"og:url\" content=\"https:\/\/nunaayni.org.pe\/es\/conocenos\/\" \/>\n<meta property=\"og:site_name\" content=\"Nuna Ayni\" \/>\n<meta property=\"article:modified_time\" content=\"2020-05-21T03:56:32+00:00\" \/>\n<meta property=\"og:image\" content=\"https:\/\/nunaayni.org.pe\/wp-content\/uploads\/2020\/05\/img-banner-quienes-somos.jpg\" \/>\n\t<meta property=\"og:image:width\" content=\"1499\" \/>\n\t<meta property=\"og:image:height\" content=\"296\" \/>\n\t<meta property=\"og:image:type\" content=\"image\/jpeg\" \/>\n<meta name=\"twitter:card\" content=\"summary_large_image\" \/>\n<meta name=\"twitter:label1\" content=\"Tiempo de lectura\" \/>\n\t<meta name=\"twitter:data1\" content=\"1 minuto\" \/>\n<script type=\"application\/ld+json\" class=\"yoast-schema-graph\">{\"@context\":\"https:\/\/schema.org\",\"@graph\":[{\"@type\":\"WebPage\",\"@id\":\"https:\/\/nunaayni.org.pe\/es\/conocenos\/\",\"url\":\"https:\/\/nunaayni.org.pe\/es\/conocenos\/\",\"name\":\"Qui\u00e9nes Somos - Nuna Ayni\",\"isPartOf\":{\"@id\":\"https:\/\/nunaayni.org.pe\/#website\"},\"primaryImageOfPage\":{\"@id\":\"https:\/\/nunaayni.org.pe\/es\/conocenos\/#primaryimage\"},\"image\":{\"@id\":\"https:\/\/nunaayni.org.pe\/es\/conocenos\/#primaryimage\"},\"thumbnailUrl\":\"https:\/\/nunaayni.org.pe\/wp-content\/uploads\/2020\/05\/img-banner-quienes-somos.jpg\",\"datePublished\":\"2019-10-30T20:49:17+00:00\",\"dateModified\":\"2020-05-21T03:56:32+00:00\",\"breadcrumb\":{\"@id\":\"https:\/\/nunaayni.org.pe\/es\/conocenos\/#breadcrumb\"},\"inLanguage\":\"es\",\"potentialAction\":[{\"@type\":\"ReadAction\",\"target\":[\"https:\/\/nunaayni.org.pe\/es\/conocenos\/\"]}]},{\"@type\":\"ImageObject\",\"inLanguage\":\"es\",\"@id\":\"https:\/\/nunaayni.org.pe\/es\/conocenos\/#primaryimage\",\"url\":\"https:\/\/nunaayni.org.pe\/wp-content\/uploads\/2020\/05\/img-banner-quienes-somos.jpg\",\"contentUrl\":\"https:\/\/nunaayni.org.pe\/wp-content\/uploads\/2020\/05\/img-banner-quienes-somos.jpg\",\"width\":1499,\"height\":296},{\"@type\":\"BreadcrumbList\",\"@id\":\"https:\/\/nunaayni.org.pe\/es\/conocenos\/#breadcrumb\",\"itemListElement\":[{\"@type\":\"ListItem\",\"position\":1,\"name\":\"Portada\",\"item\":\"https:\/\/nunaayni.org.pe\/es\/\"},{\"@type\":\"ListItem\",\"position\":2,\"name\":\"Qui\u00e9nes Somos\"}]},{\"@type\":\"WebSite\",\"@id\":\"https:\/\/nunaayni.org.pe\/#website\",\"url\":\"https:\/\/nunaayni.org.pe\/\",\"name\":\"Nuna Ayni\",\"description\":\"\",\"potentialAction\":[{\"@type\":\"SearchAction\",\"target\":{\"@type\":\"EntryPoint\",\"urlTemplate\":\"https:\/\/nunaayni.org.pe\/?s={search_term_string}\"},\"query-input\":{\"@type\":\"PropertyValueSpecification\",\"valueRequired\":true,\"valueName\":\"search_term_string\"}}],\"inLanguage\":\"es\"}]}<\/script>\n<!-- \/ Yoast SEO plugin. -->","yoast_head_json":{"title":"Qui\u00e9nes Somos - Nuna Ayni","robots":{"index":"index","follow":"follow","max-snippet":"max-snippet:-1","max-image-preview":"max-image-preview:large","max-video-preview":"max-video-preview:-1"},"canonical":"https:\/\/nunaayni.org.pe\/es\/conocenos\/","og_locale":"es_ES","og_type":"article","og_title":"Qui\u00e9nes Somos - Nuna Ayni","og_description":"QUI\u00c9NES SOMOS Nuna Ayni proviene de la lengua Quechua de los Andes: \u2018Nuna\u2019 significa alma, esp\u00edritu o consciencia y \u2018Ayni\u2019 significa reciprocidad sagrada. Nuestra organizaci\u00f3n naci\u00f3 en el a\u00f1o 2006 como una inspiraci\u00f3n para generar un cambio planetario. Creemos que es posible vivir en armon\u00eda con nosotros mismos y con todo lo que nos rodea. [&hellip;]","og_url":"https:\/\/nunaayni.org.pe\/es\/conocenos\/","og_site_name":"Nuna Ayni","article_modified_time":"2020-05-21T03:56:32+00:00","og_image":[{"width":1499,"height":296,"url":"https:\/\/nunaayni.org.pe\/wp-content\/uploads\/2020\/05\/img-banner-quienes-somos.jpg","type":"image\/jpeg"}],"twitter_card":"summary_large_image","twitter_misc":{"Tiempo de lectura":"1 minuto"},"schema":{"@context":"https:\/\/schema.org","@graph":[{"@type":"WebPage","@id":"https:\/\/nunaayni.org.pe\/es\/conocenos\/","url":"https:\/\/nunaayni.org.pe\/es\/conocenos\/","name":"Qui\u00e9nes Somos - Nuna Ayni","isPartOf":{"@id":"https:\/\/nunaayni.org.pe\/#website"},"primaryImageOfPage":{"@id":"https:\/\/nunaayni.org.pe\/es\/conocenos\/#primaryimage"},"image":{"@id":"https:\/\/nunaayni.org.pe\/es\/conocenos\/#primaryimage"},"thumbnailUrl":"https:\/\/nunaayni.org.pe\/wp-content\/uploads\/2020\/05\/img-banner-quienes-somos.jpg","datePublished":"2019-10-30T20:49:17+00:00","dateModified":"2020-05-21T03:56:32+00:00","breadcrumb":{"@id":"https:\/\/nunaayni.org.pe\/es\/conocenos\/#breadcrumb"},"inLanguage":"es","potentialAction":[{"@type":"ReadAction","target":["https:\/\/nunaayni.org.pe\/es\/conocenos\/"]}]},{"@type":"ImageObject","inLanguage":"es","@id":"https:\/\/nunaayni.org.pe\/es\/conocenos\/#primaryimage","url":"https:\/\/nunaayni.org.pe\/wp-content\/uploads\/2020\/05\/img-banner-quienes-somos.jpg","contentUrl":"https:\/\/nunaayni.org.pe\/wp-content\/uploads\/2020\/05\/img-banner-quienes-somos.jpg","width":1499,"height":296},{"@type":"BreadcrumbList","@id":"https:\/\/nunaayni.org.pe\/es\/conocenos\/#breadcrumb","itemListElement":[{"@type":"ListItem","position":1,"name":"Portada","item":"https:\/\/nunaayni.org.pe\/es\/"},{"@type":"ListItem","position":2,"name":"Qui\u00e9nes Somos"}]},{"@type":"WebSite","@id":"https:\/\/nunaayni.org.pe\/#website","url":"https:\/\/nunaayni.org.pe\/","name":"Nuna Ayni","description":"","potentialAction":[{"@type":"SearchAction","target":{"@type":"EntryPoint","urlTemplate":"https:\/\/nunaayni.org.pe\/?s={search_term_string}"},"query-input":{"@type":"PropertyValueSpecification","valueRequired":true,"valueName":"search_term_string"}}],"inLanguage":"es"}]}},"_links":{"self":[{"href":"https:\/\/nunaayni.org.pe\/es\/wp-json\/wp\/v2\/pages\/61","targetHints":{"allow":["GET"]}}],"collection":[{"href":"https:\/\/nunaayni.org.pe\/es\/wp-json\/wp\/v2\/pages"}],"about":[{"href":"https:\/\/nunaayni.org.pe\/es\/wp-json\/wp\/v2\/types\/page"}],"author":[{"embeddable":true,"href":"https:\/\/nunaayni.org.pe\/es\/wp-json\/wp\/v2\/users\/1"}],"replies":[{"embeddable":true,"href":"https:\/\/nunaayni.org.pe\/es\/wp-json\/wp\/v2\/comments?post=61"}],"version-history":[{"count":120,"href":"https:\/\/nunaayni.org.pe\/es\/wp-json\/wp\/v2\/pages\/61\/revisions"}],"predecessor-version":[{"id":1930,"href":"https:\/\/nunaayni.org.pe\/es\/wp-json\/wp\/v2\/pages\/61\/revisions\/1930"}],"wp:featuredmedia":[{"embeddable":true,"href":"https:\/\/nunaayni.org.pe\/es\/wp-json\/wp\/v2\/media\/1933"}],"wp:attachment":[{"href":"https:\/\/nunaayni.org.pe\/es\/wp-json\/wp\/v2\/media?parent=61"}],"curies":[{"name":"wp","href":"https:\/\/api.w.org\/{rel}","templated":true}]}}