
{"id":17,"date":"2019-10-29T18:12:55","date_gmt":"2019-10-29T23:12:55","guid":{"rendered":"http:\/\/nunaayni.org.pe\/?page_id=17"},"modified":"2020-05-30T10:04:09","modified_gmt":"2020-05-30T15:04:09","slug":"home","status":"publish","type":"page","link":"https:\/\/nunaayni.org.pe\/es\/","title":{"rendered":"Inicio"},"content":{"rendered":"\n<h2 class=\"titulo wp-block-heading\">SOMOS NUNA AYNI<\/h2>\n\n\n\n<p><strong>Reconect\u00e1ndonos con el Esp\u00edritu.<\/strong><\/p>\n\n\n\n<p>La misi\u00f3n de <strong>Nuna Ayni<\/strong> es la de generar espacios para crear seres humanos m\u00e1s conscientes. Tierra Nuna Ayni, nuestro centro de aprendizaje experimental, servir\u00e1 como un modelo replicable de una comunidad auto sostenible integrando las siguientes cuatro \u00e1reas: <strong>Salud Integral y Bienestar,  Ecolog\u00eda,  Arte y Sostenibilidad.<\/strong><\/p>\n\n\n\n<p>Tierra Nuna Ayni, ser\u00e1 un CENTRO DE RESONANCIA que ofrecer\u00e1 una experiencia de reconexi\u00f3n para cultivar una nueva conciencia humana al promover relaciones m\u00e1s saludables, comenzando por nosotros mismos. Cada individuo se convierte en un centro de resonancia.<\/p>\n\n\n\n<p>A trav\u00e9s de este enfoque ofrecemos a las personas una experiencia transformadora empezando por el nivel personal para luego evolucionar hacia una consciencia colectiva.<\/p>\n\n\n\n<p class=\"enlace\"><a href=\"https:\/\/nunaayni.org.pe\/conocenos\/\">conoce m\u00e1s<\/a><\/p>\n","protected":false},"excerpt":{"rendered":"<p>SOMOS NUNA AYNI Reconect\u00e1ndonos con el Esp\u00edritu. La misi\u00f3n de Nuna Ayni es la de generar espacios para crear seres humanos m\u00e1s conscientes. Tierra Nuna Ayni, nuestro centro de aprendizaje experimental, servir\u00e1 como un modelo replicable de una comunidad auto sostenible integrando las siguientes cuatro \u00e1reas: Salud Integral y Bienestar, Ecolog\u00eda, Arte y Sostenibilidad. Tierra [&hellip;]<\/p>\n","protected":false},"author":1,"featured_media":1977,"parent":0,"menu_order":0,"comment_status":"closed","ping_status":"closed","template":"template_inicio.php","meta":{"footnotes":""},"class_list":["post-17","page","type-page","status-publish","has-post-thumbnail","hentry"],"yoast_head":"<!-- This site is optimized with the Yoast SEO plugin v26.8 - https:\/\/yoast.com\/product\/yoast-seo-wordpress\/ -->\n<title>Inicio - Nuna Ayni<\/title>\n<meta name=\"robots\" content=\"index, follow, max-snippet:-1, max-image-preview:large, max-video-preview:-1\" \/>\n<link rel=\"canonical\" href=\"https:\/\/nunaayni.org.pe\/es\/\" \/>\n<meta property=\"og:locale\" content=\"es_ES\" \/>\n<meta property=\"og:type\" content=\"article\" \/>\n<meta property=\"og:title\" content=\"Inicio - Nuna Ayni\" \/>\n<meta property=\"og:description\" content=\"SOMOS NUNA AYNI Reconect\u00e1ndonos con el Esp\u00edritu. La misi\u00f3n de Nuna Ayni es la de generar espacios para crear seres humanos m\u00e1s conscientes. Tierra Nuna Ayni, nuestro centro de aprendizaje experimental, servir\u00e1 como un modelo replicable de una comunidad auto sostenible integrando las siguientes cuatro \u00e1reas: Salud Integral y Bienestar, Ecolog\u00eda, Arte y Sostenibilidad. Tierra [&hellip;]\" \/>\n<meta property=\"og:url\" content=\"https:\/\/nunaayni.org.pe\/es\/\" \/>\n<meta property=\"og:site_name\" content=\"Nuna Ayni\" \/>\n<meta property=\"article:modified_time\" content=\"2020-05-30T15:04:09+00:00\" \/>\n<meta property=\"og:image\" content=\"https:\/\/nunaayni.org.pe\/wp-content\/uploads\/2020\/05\/img-somos-nuna-2.jpg\" \/>\n\t<meta property=\"og:image:width\" content=\"950\" \/>\n\t<meta property=\"og:image:height\" content=\"858\" \/>\n\t<meta property=\"og:image:type\" content=\"image\/jpeg\" \/>\n<meta name=\"twitter:card\" content=\"summary_large_image\" \/>\n<meta name=\"twitter:label1\" content=\"Tiempo de lectura\" \/>\n\t<meta name=\"twitter:data1\" content=\"1 minuto\" \/>\n<script type=\"application\/ld+json\" class=\"yoast-schema-graph\">{\"@context\":\"https:\/\/schema.org\",\"@graph\":[{\"@type\":\"WebPage\",\"@id\":\"https:\/\/nunaayni.org.pe\/es\/\",\"url\":\"https:\/\/nunaayni.org.pe\/es\/\",\"name\":\"Inicio - Nuna Ayni\",\"isPartOf\":{\"@id\":\"https:\/\/nunaayni.org.pe\/#website\"},\"primaryImageOfPage\":{\"@id\":\"https:\/\/nunaayni.org.pe\/es\/#primaryimage\"},\"image\":{\"@id\":\"https:\/\/nunaayni.org.pe\/es\/#primaryimage\"},\"thumbnailUrl\":\"https:\/\/nunaayni.org.pe\/wp-content\/uploads\/2020\/05\/img-somos-nuna-2.jpg\",\"datePublished\":\"2019-10-29T23:12:55+00:00\",\"dateModified\":\"2020-05-30T15:04:09+00:00\",\"breadcrumb\":{\"@id\":\"https:\/\/nunaayni.org.pe\/es\/#breadcrumb\"},\"inLanguage\":\"es\",\"potentialAction\":[{\"@type\":\"ReadAction\",\"target\":[\"https:\/\/nunaayni.org.pe\/es\/\"]}]},{\"@type\":\"ImageObject\",\"inLanguage\":\"es\",\"@id\":\"https:\/\/nunaayni.org.pe\/es\/#primaryimage\",\"url\":\"https:\/\/nunaayni.org.pe\/wp-content\/uploads\/2020\/05\/img-somos-nuna-2.jpg\",\"contentUrl\":\"https:\/\/nunaayni.org.pe\/wp-content\/uploads\/2020\/05\/img-somos-nuna-2.jpg\",\"width\":950,\"height\":858},{\"@type\":\"BreadcrumbList\",\"@id\":\"https:\/\/nunaayni.org.pe\/es\/#breadcrumb\",\"itemListElement\":[{\"@type\":\"ListItem\",\"position\":1,\"name\":\"Portada\",\"item\":\"https:\/\/nunaayni.org.pe\/es\/\"},{\"@type\":\"ListItem\",\"position\":2,\"name\":\"Inicio\"}]},{\"@type\":\"WebSite\",\"@id\":\"https:\/\/nunaayni.org.pe\/#website\",\"url\":\"https:\/\/nunaayni.org.pe\/\",\"name\":\"Nuna Ayni\",\"description\":\"\",\"potentialAction\":[{\"@type\":\"SearchAction\",\"target\":{\"@type\":\"EntryPoint\",\"urlTemplate\":\"https:\/\/nunaayni.org.pe\/?s={search_term_string}\"},\"query-input\":{\"@type\":\"PropertyValueSpecification\",\"valueRequired\":true,\"valueName\":\"search_term_string\"}}],\"inLanguage\":\"es\"}]}<\/script>\n<!-- \/ Yoast SEO plugin. -->","yoast_head_json":{"title":"Inicio - Nuna Ayni","robots":{"index":"index","follow":"follow","max-snippet":"max-snippet:-1","max-image-preview":"max-image-preview:large","max-video-preview":"max-video-preview:-1"},"canonical":"https:\/\/nunaayni.org.pe\/es\/","og_locale":"es_ES","og_type":"article","og_title":"Inicio - Nuna Ayni","og_description":"SOMOS NUNA AYNI Reconect\u00e1ndonos con el Esp\u00edritu. La misi\u00f3n de Nuna Ayni es la de generar espacios para crear seres humanos m\u00e1s conscientes. Tierra Nuna Ayni, nuestro centro de aprendizaje experimental, servir\u00e1 como un modelo replicable de una comunidad auto sostenible integrando las siguientes cuatro \u00e1reas: Salud Integral y Bienestar, Ecolog\u00eda, Arte y Sostenibilidad. Tierra [&hellip;]","og_url":"https:\/\/nunaayni.org.pe\/es\/","og_site_name":"Nuna Ayni","article_modified_time":"2020-05-30T15:04:09+00:00","og_image":[{"width":950,"height":858,"url":"https:\/\/nunaayni.org.pe\/wp-content\/uploads\/2020\/05\/img-somos-nuna-2.jpg","type":"image\/jpeg"}],"twitter_card":"summary_large_image","twitter_misc":{"Tiempo de lectura":"1 minuto"},"schema":{"@context":"https:\/\/schema.org","@graph":[{"@type":"WebPage","@id":"https:\/\/nunaayni.org.pe\/es\/","url":"https:\/\/nunaayni.org.pe\/es\/","name":"Inicio - Nuna Ayni","isPartOf":{"@id":"https:\/\/nunaayni.org.pe\/#website"},"primaryImageOfPage":{"@id":"https:\/\/nunaayni.org.pe\/es\/#primaryimage"},"image":{"@id":"https:\/\/nunaayni.org.pe\/es\/#primaryimage"},"thumbnailUrl":"https:\/\/nunaayni.org.pe\/wp-content\/uploads\/2020\/05\/img-somos-nuna-2.jpg","datePublished":"2019-10-29T23:12:55+00:00","dateModified":"2020-05-30T15:04:09+00:00","breadcrumb":{"@id":"https:\/\/nunaayni.org.pe\/es\/#breadcrumb"},"inLanguage":"es","potentialAction":[{"@type":"ReadAction","target":["https:\/\/nunaayni.org.pe\/es\/"]}]},{"@type":"ImageObject","inLanguage":"es","@id":"https:\/\/nunaayni.org.pe\/es\/#primaryimage","url":"https:\/\/nunaayni.org.pe\/wp-content\/uploads\/2020\/05\/img-somos-nuna-2.jpg","contentUrl":"https:\/\/nunaayni.org.pe\/wp-content\/uploads\/2020\/05\/img-somos-nuna-2.jpg","width":950,"height":858},{"@type":"BreadcrumbList","@id":"https:\/\/nunaayni.org.pe\/es\/#breadcrumb","itemListElement":[{"@type":"ListItem","position":1,"name":"Portada","item":"https:\/\/nunaayni.org.pe\/es\/"},{"@type":"ListItem","position":2,"name":"Inicio"}]},{"@type":"WebSite","@id":"https:\/\/nunaayni.org.pe\/#website","url":"https:\/\/nunaayni.org.pe\/","name":"Nuna Ayni","description":"","potentialAction":[{"@type":"SearchAction","target":{"@type":"EntryPoint","urlTemplate":"https:\/\/nunaayni.org.pe\/?s={search_term_string}"},"query-input":{"@type":"PropertyValueSpecification","valueRequired":true,"valueName":"search_term_string"}}],"inLanguage":"es"}]}},"_links":{"self":[{"href":"https:\/\/nunaayni.org.pe\/es\/wp-json\/wp\/v2\/pages\/17","targetHints":{"allow":["GET"]}}],"collection":[{"href":"https:\/\/nunaayni.org.pe\/es\/wp-json\/wp\/v2\/pages"}],"about":[{"href":"https:\/\/nunaayni.org.pe\/es\/wp-json\/wp\/v2\/types\/page"}],"author":[{"embeddable":true,"href":"https:\/\/nunaayni.org.pe\/es\/wp-json\/wp\/v2\/users\/1"}],"replies":[{"embeddable":true,"href":"https:\/\/nunaayni.org.pe\/es\/wp-json\/wp\/v2\/comments?post=17"}],"version-history":[{"count":257,"href":"https:\/\/nunaayni.org.pe\/es\/wp-json\/wp\/v2\/pages\/17\/revisions"}],"predecessor-version":[{"id":2015,"href":"https:\/\/nunaayni.org.pe\/es\/wp-json\/wp\/v2\/pages\/17\/revisions\/2015"}],"wp:featuredmedia":[{"embeddable":true,"href":"https:\/\/nunaayni.org.pe\/es\/wp-json\/wp\/v2\/media\/1977"}],"wp:attachment":[{"href":"https:\/\/nunaayni.org.pe\/es\/wp-json\/wp\/v2\/media?parent=17"}],"curies":[{"name":"wp","href":"https:\/\/api.w.org\/{rel}","templated":true}]}}