
{"id":134,"date":"2019-11-01T14:46:10","date_gmt":"2019-11-01T19:46:10","guid":{"rendered":"http:\/\/nunaayni.org.pe\/?page_id=134"},"modified":"2020-05-23T17:36:27","modified_gmt":"2020-05-23T22:36:27","slug":"contribuye","status":"publish","type":"page","link":"https:\/\/nunaayni.org.pe\/es\/contribuye\/","title":{"rendered":"Contribuye"},"content":{"rendered":"\n<h3 class=\"wp-block-heading\"><strong>Haz una Donaci\u00f3n y colabora con la construcci\u00f3n de este sue\u00f1o<\/strong><\/h3>\n\n\n\n<p><strong>Nuna Ayni<\/strong> es una organizaci\u00f3n sin fines de lucro, no gubernamental y ben\u00e9fica registrada en Per\u00fa en el a\u00f1o 2008 en la Superintendencia Nacional de los Registros P\u00fablicos \u2013 SUNARP en la Oficina Registral de Lima con partida electr\u00f3nica No. 12228966. En consecuencia, las donaciones son deducibles de impuestos en Per\u00fa.<\/p>\n\n\n\n<h3 class=\"wp-block-heading\"><strong>En Per\u00fa: Certificado de Donaci\u00f3n:<\/strong><\/h3>\n\n\n\n<p>\u00bfSab\u00edas que destinando un porcentaje de tus ganancias ayudas a que el centro&nbsp;<em><strong>Tierra Nuna Ayni<\/strong><\/em>&nbsp;se convierta en una realidad? Cada vez que tu empresa colabora a trav\u00e9s de un donativo econ\u00f3mico podr\u00e1s recibir un certificado de donaci\u00f3n que te permitir\u00e1 deducir los impuestos.<\/p>\n\n\n\n<h3 class=\"titulo-seccion wp-block-heading\"><strong>\u00daNETE Y CONVIERTETE EN UN AGENTE DE CAMBIO. <\/strong><\/h3>\n\n\n\n<p>Ll\u00e1manos al 940231687 \/ 940231689 o escr\u00edbenos: <a href=\"mailto:daniel.zevallos.coaching@gmail.com\">daniel.zevallos.coaching@gmail.com<\/a><br><strong>*Todo lo que  tu empresa done, ser\u00e1 reconocido por la SUNAT hasta un monto m\u00e1ximo del 10% de tu utilidad neta anual (Art.37\u00b0 del Impuesto a la Renta) para ser deducido  de los impuestos en la declaraci\u00f3n jurada del a\u00f1o fiscal, para lo cual primero debes inscribirte o inscribir tu empresa en el Registro de Donantes, tr\u00e1mite que te ayudaremos a facilitar.<\/strong><\/p>\n\n\n\n<h3 class=\"wp-block-heading\"><strong>Calificaci\u00f3n del MEF<\/strong><\/h3>\n\n\n\n<p>Entidad Perceptora de Donaciones, con la facultad de emitir Certificados de Donaci\u00f3n por donaciones percibidas de Empresas que deseen donar a nuestra organizaci\u00f3n. Las empresas podr\u00e1n reconocer como gasto en el ejercicio el concepto de donaciones a entidades reconocidas como Perceptoras de Donaciones.<\/p>\n\n\n\n<h3 class=\"wp-block-heading\"> <strong>\u00bfQu\u00e9 se considera como una donaci\u00f3n?<\/strong> <\/h3>\n\n\n\n<p>Es la transferencia de un bien a t\u00edtulo gratuito, mediante un acto de liberalidad que celebra el Donante y el Donatario.<br><strong>Donante:<\/strong> Es quien entrega la donaci\u00f3n.<br><strong>Donatario:<\/strong> Es quien recibe la donaci\u00f3n.<\/p>\n\n\n\n<h3 class=\"wp-block-heading\"><strong>Tipos de Donaciones <\/strong><\/h3>\n\n\n\n<p><strong>En Efectivo:<\/strong> para ser efectiva esta donaci\u00f3n el monto debe ser entregado al donatario y en el caso de t\u00edtulos valores que \u00e9stos sean cobrados por los donatarios.<br><strong>En Especie:<\/strong> toda donaci\u00f3n en especie debe estar valorizada al valor del mercado, \u00e9sta deber\u00e1 ser entregada al donatario y proceder con el registro del Acta de Entrega firmada por el donante y el donatario.<\/p>\n\n\n\n<h3 class=\"wp-block-heading\"><strong>\u00bfQu\u00e9 tipos de art\u00edculos recibimos como donaciones?<\/strong><\/h3>\n\n\n\n<p>Art\u00edculos de Inversi\u00f3n: materiales de construcci\u00f3n, muebles, equipamiento.<br> Equipo de Oficina\/log\u00edstica: computadoras, autom\u00f3viles, gas, gasolina, electricidad.<\/p>\n\n\n\n<p><\/p>\n","protected":false},"excerpt":{"rendered":"<p>Haz una Donaci\u00f3n y colabora con la construcci\u00f3n de este sue\u00f1o Nuna Ayni es una organizaci\u00f3n sin fines de lucro, no gubernamental y ben\u00e9fica registrada en Per\u00fa en el a\u00f1o 2008 en la Superintendencia Nacional de los Registros P\u00fablicos \u2013 SUNARP en la Oficina Registral de Lima con partida electr\u00f3nica No. 12228966. En consecuencia, las [&hellip;]<\/p>\n","protected":false},"author":1,"featured_media":1691,"parent":0,"menu_order":0,"comment_status":"closed","ping_status":"closed","template":"template_contribuye.php","meta":{"footnotes":""},"class_list":["post-134","page","type-page","status-publish","has-post-thumbnail","hentry"],"yoast_head":"<!-- This site is optimized with the Yoast SEO plugin v26.8 - https:\/\/yoast.com\/product\/yoast-seo-wordpress\/ -->\n<title>Contribuye - Nuna Ayni<\/title>\n<meta name=\"robots\" content=\"index, follow, max-snippet:-1, max-image-preview:large, max-video-preview:-1\" \/>\n<link rel=\"canonical\" href=\"https:\/\/nunaayni.org.pe\/contribute\/\" \/>\n<meta property=\"og:locale\" content=\"es_ES\" \/>\n<meta property=\"og:type\" content=\"article\" \/>\n<meta property=\"og:title\" content=\"Contribuye - Nuna Ayni\" \/>\n<meta property=\"og:description\" content=\"Haz una Donaci\u00f3n y colabora con la construcci\u00f3n de este sue\u00f1o Nuna Ayni es una organizaci\u00f3n sin fines de lucro, no gubernamental y ben\u00e9fica registrada en Per\u00fa en el a\u00f1o 2008 en la Superintendencia Nacional de los Registros P\u00fablicos \u2013 SUNARP en la Oficina Registral de Lima con partida electr\u00f3nica No. 12228966. En consecuencia, las [&hellip;]\" \/>\n<meta property=\"og:url\" content=\"https:\/\/nunaayni.org.pe\/contribute\/\" \/>\n<meta property=\"og:site_name\" content=\"Nuna Ayni\" \/>\n<meta property=\"article:modified_time\" content=\"2020-05-23T22:36:27+00:00\" \/>\n<meta property=\"og:image\" content=\"https:\/\/nunaayni.org.pe\/wp-content\/uploads\/2020\/04\/banner_cotribuye_nuna-ayni.jpg\" \/>\n\t<meta property=\"og:image:width\" content=\"1499\" \/>\n\t<meta property=\"og:image:height\" content=\"296\" \/>\n\t<meta property=\"og:image:type\" content=\"image\/jpeg\" \/>\n<meta name=\"twitter:card\" content=\"summary_large_image\" \/>\n<meta name=\"twitter:label1\" content=\"Tiempo de lectura\" \/>\n\t<meta name=\"twitter:data1\" content=\"2 minutos\" \/>\n<script type=\"application\/ld+json\" class=\"yoast-schema-graph\">{\"@context\":\"https:\/\/schema.org\",\"@graph\":[{\"@type\":\"WebPage\",\"@id\":\"https:\/\/nunaayni.org.pe\/contribute\/\",\"url\":\"https:\/\/nunaayni.org.pe\/contribute\/\",\"name\":\"Contribuye - Nuna Ayni\",\"isPartOf\":{\"@id\":\"https:\/\/nunaayni.org.pe\/#website\"},\"primaryImageOfPage\":{\"@id\":\"https:\/\/nunaayni.org.pe\/contribute\/#primaryimage\"},\"image\":{\"@id\":\"https:\/\/nunaayni.org.pe\/contribute\/#primaryimage\"},\"thumbnailUrl\":\"https:\/\/nunaayni.org.pe\/wp-content\/uploads\/2020\/04\/banner_cotribuye_nuna-ayni.jpg\",\"datePublished\":\"2019-11-01T19:46:10+00:00\",\"dateModified\":\"2020-05-23T22:36:27+00:00\",\"breadcrumb\":{\"@id\":\"https:\/\/nunaayni.org.pe\/contribute\/#breadcrumb\"},\"inLanguage\":\"es\",\"potentialAction\":[{\"@type\":\"ReadAction\",\"target\":[\"https:\/\/nunaayni.org.pe\/contribute\/\"]}]},{\"@type\":\"ImageObject\",\"inLanguage\":\"es\",\"@id\":\"https:\/\/nunaayni.org.pe\/contribute\/#primaryimage\",\"url\":\"https:\/\/nunaayni.org.pe\/wp-content\/uploads\/2020\/04\/banner_cotribuye_nuna-ayni.jpg\",\"contentUrl\":\"https:\/\/nunaayni.org.pe\/wp-content\/uploads\/2020\/04\/banner_cotribuye_nuna-ayni.jpg\",\"width\":1499,\"height\":296},{\"@type\":\"BreadcrumbList\",\"@id\":\"https:\/\/nunaayni.org.pe\/contribute\/#breadcrumb\",\"itemListElement\":[{\"@type\":\"ListItem\",\"position\":1,\"name\":\"Portada\",\"item\":\"https:\/\/nunaayni.org.pe\/es\/\"},{\"@type\":\"ListItem\",\"position\":2,\"name\":\"Contribuye\"}]},{\"@type\":\"WebSite\",\"@id\":\"https:\/\/nunaayni.org.pe\/#website\",\"url\":\"https:\/\/nunaayni.org.pe\/\",\"name\":\"Nuna Ayni\",\"description\":\"\",\"potentialAction\":[{\"@type\":\"SearchAction\",\"target\":{\"@type\":\"EntryPoint\",\"urlTemplate\":\"https:\/\/nunaayni.org.pe\/?s={search_term_string}\"},\"query-input\":{\"@type\":\"PropertyValueSpecification\",\"valueRequired\":true,\"valueName\":\"search_term_string\"}}],\"inLanguage\":\"es\"}]}<\/script>\n<!-- \/ Yoast SEO plugin. -->","yoast_head_json":{"title":"Contribuye - Nuna Ayni","robots":{"index":"index","follow":"follow","max-snippet":"max-snippet:-1","max-image-preview":"max-image-preview:large","max-video-preview":"max-video-preview:-1"},"canonical":"https:\/\/nunaayni.org.pe\/contribute\/","og_locale":"es_ES","og_type":"article","og_title":"Contribuye - Nuna Ayni","og_description":"Haz una Donaci\u00f3n y colabora con la construcci\u00f3n de este sue\u00f1o Nuna Ayni es una organizaci\u00f3n sin fines de lucro, no gubernamental y ben\u00e9fica registrada en Per\u00fa en el a\u00f1o 2008 en la Superintendencia Nacional de los Registros P\u00fablicos \u2013 SUNARP en la Oficina Registral de Lima con partida electr\u00f3nica No. 12228966. En consecuencia, las [&hellip;]","og_url":"https:\/\/nunaayni.org.pe\/contribute\/","og_site_name":"Nuna Ayni","article_modified_time":"2020-05-23T22:36:27+00:00","og_image":[{"width":1499,"height":296,"url":"https:\/\/nunaayni.org.pe\/wp-content\/uploads\/2020\/04\/banner_cotribuye_nuna-ayni.jpg","type":"image\/jpeg"}],"twitter_card":"summary_large_image","twitter_misc":{"Tiempo de lectura":"2 minutos"},"schema":{"@context":"https:\/\/schema.org","@graph":[{"@type":"WebPage","@id":"https:\/\/nunaayni.org.pe\/contribute\/","url":"https:\/\/nunaayni.org.pe\/contribute\/","name":"Contribuye - Nuna Ayni","isPartOf":{"@id":"https:\/\/nunaayni.org.pe\/#website"},"primaryImageOfPage":{"@id":"https:\/\/nunaayni.org.pe\/contribute\/#primaryimage"},"image":{"@id":"https:\/\/nunaayni.org.pe\/contribute\/#primaryimage"},"thumbnailUrl":"https:\/\/nunaayni.org.pe\/wp-content\/uploads\/2020\/04\/banner_cotribuye_nuna-ayni.jpg","datePublished":"2019-11-01T19:46:10+00:00","dateModified":"2020-05-23T22:36:27+00:00","breadcrumb":{"@id":"https:\/\/nunaayni.org.pe\/contribute\/#breadcrumb"},"inLanguage":"es","potentialAction":[{"@type":"ReadAction","target":["https:\/\/nunaayni.org.pe\/contribute\/"]}]},{"@type":"ImageObject","inLanguage":"es","@id":"https:\/\/nunaayni.org.pe\/contribute\/#primaryimage","url":"https:\/\/nunaayni.org.pe\/wp-content\/uploads\/2020\/04\/banner_cotribuye_nuna-ayni.jpg","contentUrl":"https:\/\/nunaayni.org.pe\/wp-content\/uploads\/2020\/04\/banner_cotribuye_nuna-ayni.jpg","width":1499,"height":296},{"@type":"BreadcrumbList","@id":"https:\/\/nunaayni.org.pe\/contribute\/#breadcrumb","itemListElement":[{"@type":"ListItem","position":1,"name":"Portada","item":"https:\/\/nunaayni.org.pe\/es\/"},{"@type":"ListItem","position":2,"name":"Contribuye"}]},{"@type":"WebSite","@id":"https:\/\/nunaayni.org.pe\/#website","url":"https:\/\/nunaayni.org.pe\/","name":"Nuna Ayni","description":"","potentialAction":[{"@type":"SearchAction","target":{"@type":"EntryPoint","urlTemplate":"https:\/\/nunaayni.org.pe\/?s={search_term_string}"},"query-input":{"@type":"PropertyValueSpecification","valueRequired":true,"valueName":"search_term_string"}}],"inLanguage":"es"}]}},"_links":{"self":[{"href":"https:\/\/nunaayni.org.pe\/es\/wp-json\/wp\/v2\/pages\/134","targetHints":{"allow":["GET"]}}],"collection":[{"href":"https:\/\/nunaayni.org.pe\/es\/wp-json\/wp\/v2\/pages"}],"about":[{"href":"https:\/\/nunaayni.org.pe\/es\/wp-json\/wp\/v2\/types\/page"}],"author":[{"embeddable":true,"href":"https:\/\/nunaayni.org.pe\/es\/wp-json\/wp\/v2\/users\/1"}],"replies":[{"embeddable":true,"href":"https:\/\/nunaayni.org.pe\/es\/wp-json\/wp\/v2\/comments?post=134"}],"version-history":[{"count":62,"href":"https:\/\/nunaayni.org.pe\/es\/wp-json\/wp\/v2\/pages\/134\/revisions"}],"predecessor-version":[{"id":2000,"href":"https:\/\/nunaayni.org.pe\/es\/wp-json\/wp\/v2\/pages\/134\/revisions\/2000"}],"wp:featuredmedia":[{"embeddable":true,"href":"https:\/\/nunaayni.org.pe\/es\/wp-json\/wp\/v2\/media\/1691"}],"wp:attachment":[{"href":"https:\/\/nunaayni.org.pe\/es\/wp-json\/wp\/v2\/media?parent=134"}],"curies":[{"name":"wp","href":"https:\/\/api.w.org\/{rel}","templated":true}]}}