
{"id":1032,"date":"2020-03-12T08:04:14","date_gmt":"2020-03-12T13:04:14","guid":{"rendered":"https:\/\/nunaayni.org.pe\/?page_id=1032"},"modified":"2021-10-26T13:39:23","modified_gmt":"2021-10-26T18:39:23","slug":"alojamiento","status":"publish","type":"page","link":"https:\/\/nunaayni.org.pe\/es\/alojamiento\/","title":{"rendered":"Alojamiento"},"content":{"rendered":"\n<div class=\"wp-block-columns is-layout-flex wp-container-core-columns-is-layout-9d6595d7 wp-block-columns-is-layout-flex\">\n<div class=\"wp-block-column is-layout-flow wp-block-column-is-layout-flow\">\n<figure class=\"wp-block-image size-large\"><img loading=\"lazy\" decoding=\"async\" width=\"307\" height=\"195\" src=\"https:\/\/nunaayni.org.pe\/wp-content\/uploads\/2020\/04\/alojamiento-img02.jpg\" alt=\"\" class=\"wp-image-1749\" srcset=\"https:\/\/nunaayni.org.pe\/wp-content\/uploads\/2020\/04\/alojamiento-img02.jpg 307w, https:\/\/nunaayni.org.pe\/wp-content\/uploads\/2020\/04\/alojamiento-img02-300x191.jpg 300w\" sizes=\"auto, (max-width: 307px) 100vw, 307px\" \/><\/figure>\n\n\n\n<h3 class=\"wp-block-heading\">Habitaciones<\/h3>\n\n\n\n<p>Estamos frente a la Monta\u00f1a Sagrada llamada Apu Pachatusan, tambi\u00e9n conocida como la Monta\u00f1a Curandera o La Que Sostiene Todos los Caminos. Tenemos 2 habitaciones con capacidad para 4 personas cada una, y una carpa \/ yurta con 2 camas. Son habitaciones b\u00e1sicas que han sido dise\u00f1adas para estar en la simplicidad necesaria para un proceso de curaci\u00f3n interna. <\/p>\n<\/div>\n\n\n\n<div class=\"wp-block-column is-layout-flow wp-block-column-is-layout-flow\">\n<figure class=\"wp-block-image size-large\"><img loading=\"lazy\" decoding=\"async\" width=\"307\" height=\"195\" src=\"https:\/\/nunaayni.org.pe\/wp-content\/uploads\/2020\/04\/alojamiento-img03.jpg\" alt=\"\" class=\"wp-image-1751\" srcset=\"https:\/\/nunaayni.org.pe\/wp-content\/uploads\/2020\/04\/alojamiento-img03.jpg 307w, https:\/\/nunaayni.org.pe\/wp-content\/uploads\/2020\/04\/alojamiento-img03-300x191.jpg 300w\" sizes=\"auto, (max-width: 307px) 100vw, 307px\" \/><\/figure>\n\n\n\n<h3 class=\"wp-block-heading\">\u00c1reas verdes<\/h3>\n\n\n\n<p>Tenemos hermosos jardines y \u00e1reas para meditar, descansar y pasar el rato, y \u00e1reas para practicar yoga o cualquier otra pr\u00e1ctica de ejercicio. Tambi\u00e9n se pueden realizar hermosas caminatas, incluida la visita a algunas ruinas incas que tenemos en la parte superior de nuestro centro.<\/p>\n<\/div>\n\n\n\n<div class=\"wp-block-column is-layout-flow wp-block-column-is-layout-flow\">\n<figure class=\"wp-block-image size-large\"><img loading=\"lazy\" decoding=\"async\" width=\"307\" height=\"195\" src=\"https:\/\/nunaayni.org.pe\/wp-content\/uploads\/2020\/04\/alojamiento-img04.jpg\" alt=\"\" class=\"wp-image-1753\" srcset=\"https:\/\/nunaayni.org.pe\/wp-content\/uploads\/2020\/04\/alojamiento-img04.jpg 307w, https:\/\/nunaayni.org.pe\/wp-content\/uploads\/2020\/04\/alojamiento-img04-300x191.jpg 300w\" sizes=\"auto, (max-width: 307px) 100vw, 307px\" \/><\/figure>\n\n\n\n<h3 class=\"wp-block-heading\">Paisaje y naturaleza<\/h3>\n\n\n\n<p>Las monta\u00f1as, la naturaleza y los hermosos paisajes lo rodean y es ideal para las personas que buscan un lugar para retirarse y descansar, conectarse con ellos mismos y experimentar una forma de vida alternativa diferente.<\/p>\n<\/div>\n<\/div>\n","protected":false},"excerpt":{"rendered":"<p>Habitaciones Estamos frente a la Monta\u00f1a Sagrada llamada Apu Pachatusan, tambi\u00e9n conocida como la Monta\u00f1a Curandera o La Que Sostiene Todos los Caminos. Tenemos 2 habitaciones con capacidad para 4 personas cada una, y una carpa \/ yurta con 2 camas. Son habitaciones b\u00e1sicas que han sido dise\u00f1adas para estar en la simplicidad necesaria para [&hellip;]<\/p>\n","protected":false},"author":1,"featured_media":671,"parent":0,"menu_order":0,"comment_status":"closed","ping_status":"closed","template":"template_alojamiento.php","meta":{"footnotes":""},"class_list":["post-1032","page","type-page","status-publish","has-post-thumbnail","hentry"],"yoast_head":"<!-- This site is optimized with the Yoast SEO plugin v26.8 - https:\/\/yoast.com\/product\/yoast-seo-wordpress\/ -->\n<title>Alojamiento - Nuna Ayni<\/title>\n<meta name=\"robots\" content=\"index, follow, max-snippet:-1, max-image-preview:large, max-video-preview:-1\" \/>\n<link rel=\"canonical\" href=\"https:\/\/nunaayni.org.pe\/accommodation\/\" \/>\n<meta property=\"og:locale\" content=\"es_ES\" \/>\n<meta property=\"og:type\" content=\"article\" \/>\n<meta property=\"og:title\" content=\"Alojamiento - Nuna Ayni\" \/>\n<meta property=\"og:description\" content=\"Habitaciones Estamos frente a la Monta\u00f1a Sagrada llamada Apu Pachatusan, tambi\u00e9n conocida como la Monta\u00f1a Curandera o La Que Sostiene Todos los Caminos. Tenemos 2 habitaciones con capacidad para 4 personas cada una, y una carpa \/ yurta con 2 camas. Son habitaciones b\u00e1sicas que han sido dise\u00f1adas para estar en la simplicidad necesaria para [&hellip;]\" \/>\n<meta property=\"og:url\" content=\"https:\/\/nunaayni.org.pe\/accommodation\/\" \/>\n<meta property=\"og:site_name\" content=\"Nuna Ayni\" \/>\n<meta property=\"article:modified_time\" content=\"2021-10-26T18:39:23+00:00\" \/>\n<meta property=\"og:image\" content=\"https:\/\/nunaayni.org.pe\/wp-content\/uploads\/2020\/01\/banner-voluntariado-interna.jpg\" \/>\n\t<meta property=\"og:image:width\" content=\"1500\" \/>\n\t<meta property=\"og:image:height\" content=\"294\" \/>\n\t<meta property=\"og:image:type\" content=\"image\/jpeg\" \/>\n<meta name=\"twitter:card\" content=\"summary_large_image\" \/>\n<meta name=\"twitter:label1\" content=\"Tiempo de lectura\" \/>\n\t<meta name=\"twitter:data1\" content=\"1 minuto\" \/>\n<script type=\"application\/ld+json\" class=\"yoast-schema-graph\">{\"@context\":\"https:\/\/schema.org\",\"@graph\":[{\"@type\":\"WebPage\",\"@id\":\"https:\/\/nunaayni.org.pe\/accommodation\/\",\"url\":\"https:\/\/nunaayni.org.pe\/accommodation\/\",\"name\":\"Alojamiento - Nuna Ayni\",\"isPartOf\":{\"@id\":\"https:\/\/nunaayni.org.pe\/#website\"},\"primaryImageOfPage\":{\"@id\":\"https:\/\/nunaayni.org.pe\/accommodation\/#primaryimage\"},\"image\":{\"@id\":\"https:\/\/nunaayni.org.pe\/accommodation\/#primaryimage\"},\"thumbnailUrl\":\"https:\/\/nunaayni.org.pe\/wp-content\/uploads\/2020\/01\/banner-voluntariado-interna.jpg\",\"datePublished\":\"2020-03-12T13:04:14+00:00\",\"dateModified\":\"2021-10-26T18:39:23+00:00\",\"breadcrumb\":{\"@id\":\"https:\/\/nunaayni.org.pe\/accommodation\/#breadcrumb\"},\"inLanguage\":\"es\",\"potentialAction\":[{\"@type\":\"ReadAction\",\"target\":[\"https:\/\/nunaayni.org.pe\/accommodation\/\"]}]},{\"@type\":\"ImageObject\",\"inLanguage\":\"es\",\"@id\":\"https:\/\/nunaayni.org.pe\/accommodation\/#primaryimage\",\"url\":\"https:\/\/nunaayni.org.pe\/wp-content\/uploads\/2020\/01\/banner-voluntariado-interna.jpg\",\"contentUrl\":\"https:\/\/nunaayni.org.pe\/wp-content\/uploads\/2020\/01\/banner-voluntariado-interna.jpg\",\"width\":1500,\"height\":294},{\"@type\":\"BreadcrumbList\",\"@id\":\"https:\/\/nunaayni.org.pe\/accommodation\/#breadcrumb\",\"itemListElement\":[{\"@type\":\"ListItem\",\"position\":1,\"name\":\"Portada\",\"item\":\"https:\/\/nunaayni.org.pe\/es\/\"},{\"@type\":\"ListItem\",\"position\":2,\"name\":\"Alojamiento\"}]},{\"@type\":\"WebSite\",\"@id\":\"https:\/\/nunaayni.org.pe\/#website\",\"url\":\"https:\/\/nunaayni.org.pe\/\",\"name\":\"Nuna Ayni\",\"description\":\"\",\"potentialAction\":[{\"@type\":\"SearchAction\",\"target\":{\"@type\":\"EntryPoint\",\"urlTemplate\":\"https:\/\/nunaayni.org.pe\/?s={search_term_string}\"},\"query-input\":{\"@type\":\"PropertyValueSpecification\",\"valueRequired\":true,\"valueName\":\"search_term_string\"}}],\"inLanguage\":\"es\"}]}<\/script>\n<!-- \/ Yoast SEO plugin. -->","yoast_head_json":{"title":"Alojamiento - Nuna Ayni","robots":{"index":"index","follow":"follow","max-snippet":"max-snippet:-1","max-image-preview":"max-image-preview:large","max-video-preview":"max-video-preview:-1"},"canonical":"https:\/\/nunaayni.org.pe\/accommodation\/","og_locale":"es_ES","og_type":"article","og_title":"Alojamiento - Nuna Ayni","og_description":"Habitaciones Estamos frente a la Monta\u00f1a Sagrada llamada Apu Pachatusan, tambi\u00e9n conocida como la Monta\u00f1a Curandera o La Que Sostiene Todos los Caminos. Tenemos 2 habitaciones con capacidad para 4 personas cada una, y una carpa \/ yurta con 2 camas. Son habitaciones b\u00e1sicas que han sido dise\u00f1adas para estar en la simplicidad necesaria para [&hellip;]","og_url":"https:\/\/nunaayni.org.pe\/accommodation\/","og_site_name":"Nuna Ayni","article_modified_time":"2021-10-26T18:39:23+00:00","og_image":[{"width":1500,"height":294,"url":"https:\/\/nunaayni.org.pe\/wp-content\/uploads\/2020\/01\/banner-voluntariado-interna.jpg","type":"image\/jpeg"}],"twitter_card":"summary_large_image","twitter_misc":{"Tiempo de lectura":"1 minuto"},"schema":{"@context":"https:\/\/schema.org","@graph":[{"@type":"WebPage","@id":"https:\/\/nunaayni.org.pe\/accommodation\/","url":"https:\/\/nunaayni.org.pe\/accommodation\/","name":"Alojamiento - Nuna Ayni","isPartOf":{"@id":"https:\/\/nunaayni.org.pe\/#website"},"primaryImageOfPage":{"@id":"https:\/\/nunaayni.org.pe\/accommodation\/#primaryimage"},"image":{"@id":"https:\/\/nunaayni.org.pe\/accommodation\/#primaryimage"},"thumbnailUrl":"https:\/\/nunaayni.org.pe\/wp-content\/uploads\/2020\/01\/banner-voluntariado-interna.jpg","datePublished":"2020-03-12T13:04:14+00:00","dateModified":"2021-10-26T18:39:23+00:00","breadcrumb":{"@id":"https:\/\/nunaayni.org.pe\/accommodation\/#breadcrumb"},"inLanguage":"es","potentialAction":[{"@type":"ReadAction","target":["https:\/\/nunaayni.org.pe\/accommodation\/"]}]},{"@type":"ImageObject","inLanguage":"es","@id":"https:\/\/nunaayni.org.pe\/accommodation\/#primaryimage","url":"https:\/\/nunaayni.org.pe\/wp-content\/uploads\/2020\/01\/banner-voluntariado-interna.jpg","contentUrl":"https:\/\/nunaayni.org.pe\/wp-content\/uploads\/2020\/01\/banner-voluntariado-interna.jpg","width":1500,"height":294},{"@type":"BreadcrumbList","@id":"https:\/\/nunaayni.org.pe\/accommodation\/#breadcrumb","itemListElement":[{"@type":"ListItem","position":1,"name":"Portada","item":"https:\/\/nunaayni.org.pe\/es\/"},{"@type":"ListItem","position":2,"name":"Alojamiento"}]},{"@type":"WebSite","@id":"https:\/\/nunaayni.org.pe\/#website","url":"https:\/\/nunaayni.org.pe\/","name":"Nuna Ayni","description":"","potentialAction":[{"@type":"SearchAction","target":{"@type":"EntryPoint","urlTemplate":"https:\/\/nunaayni.org.pe\/?s={search_term_string}"},"query-input":{"@type":"PropertyValueSpecification","valueRequired":true,"valueName":"search_term_string"}}],"inLanguage":"es"}]}},"_links":{"self":[{"href":"https:\/\/nunaayni.org.pe\/es\/wp-json\/wp\/v2\/pages\/1032","targetHints":{"allow":["GET"]}}],"collection":[{"href":"https:\/\/nunaayni.org.pe\/es\/wp-json\/wp\/v2\/pages"}],"about":[{"href":"https:\/\/nunaayni.org.pe\/es\/wp-json\/wp\/v2\/types\/page"}],"author":[{"embeddable":true,"href":"https:\/\/nunaayni.org.pe\/es\/wp-json\/wp\/v2\/users\/1"}],"replies":[{"embeddable":true,"href":"https:\/\/nunaayni.org.pe\/es\/wp-json\/wp\/v2\/comments?post=1032"}],"version-history":[{"count":24,"href":"https:\/\/nunaayni.org.pe\/es\/wp-json\/wp\/v2\/pages\/1032\/revisions"}],"predecessor-version":[{"id":2120,"href":"https:\/\/nunaayni.org.pe\/es\/wp-json\/wp\/v2\/pages\/1032\/revisions\/2120"}],"wp:featuredmedia":[{"embeddable":true,"href":"https:\/\/nunaayni.org.pe\/es\/wp-json\/wp\/v2\/media\/671"}],"wp:attachment":[{"href":"https:\/\/nunaayni.org.pe\/es\/wp-json\/wp\/v2\/media?parent=1032"}],"curies":[{"name":"wp","href":"https:\/\/api.w.org\/{rel}","templated":true}]}}